{"id":1393,"date":"2020-07-31T06:28:32","date_gmt":"2020-07-31T06:28:32","guid":{"rendered":"https:\/\/offmarketproperties.pt\/politica-de-privacidade\/"},"modified":"2025-12-06T17:20:45","modified_gmt":"2025-12-06T17:20:45","slug":"politica-de-privacidade","status":"publish","type":"page","link":"https:\/\/offmarketproperties.pt\/en\/politica-de-privacidade\/","title":{"rendered":"Politica de Privacidade"},"content":{"rendered":"\t\t<div data-elementor-type=\"wp-page\" data-elementor-id=\"1393\" class=\"elementor elementor-1393 elementor-978\" data-elementor-post-type=\"page\">\n\t\t\t\t<div class=\"elementor-element elementor-element-43e3462c e-flex e-con-boxed e-con e-parent\" data-id=\"43e3462c\" data-element_type=\"container\" data-e-type=\"container\">\n\t\t\t\t\t<div class=\"e-con-inner\">\n\t\t\t\t<div class=\"elementor-element elementor-element-565d526f elementor-widget elementor-widget-text-editor\" data-id=\"565d526f\" data-element_type=\"widget\" data-e-type=\"widget\" data-widget_type=\"text-editor.default\">\n\t\t\t\t\t\t\t\t\t\n<p><strong>POL\u00cdTICA DE PRIVACIDADE<\/strong><\/p>\n<p>A presente Pol\u00edtica de Privacidade descreve como a Empresa Vali, Lda e Cardoso &amp; Piedade Lda., tratam os dados pessoais dos clientes em cumprimento do disposto na legisla\u00e7\u00e3o de prote\u00e7\u00e3o de dados pessoais em vigor, segundo o Regulamento (UE) 2016\/679 do Parlamento Europeu e do Conselho, de 27 de abril de 2016 (\u201cRGPD\u201d)<\/p>\n<p><strong>1 \u2013 Recolha de Dados<\/strong><\/p>\n<p>A recolha e processamento dos dados pessoais dos nossos clientes \u00e9 feita apenas para fins l\u00edcitos, no \u00e2mbito do desenvolvimento da nossa atividade comercial, informando sempre o titular dos dados, de forma clara e precisa, das finalidades da recolha, bem como da forma como \u00e9 tratada e protegida a informa\u00e7\u00e3o recolhida.<\/p>\n<p><strong>2 \u2013 Finalidade da Recolha<\/strong><\/p>\n<p>Os dados recolhidos destinam-se apenas \u00e0s leg\u00edtimas finalidades descritas nesta pol\u00edtica.<\/p>\n<p><strong>3 \u2013 Dados Pessoais <\/strong><\/p>\n<p>\u00c9 feita a recolha somente dos dados pessoais estritamente necess\u00e1rios \u00e0 prossecu\u00e7\u00e3o dos seus objetos sociais descritos nesta pol\u00edtica e n\u00e3o quaisquer outros.<\/p>\n<p><strong>4- Direitos dos Titulares <\/strong><\/p>\n<p>\u00c9 concedido a todos os titulares cujos dados trata, o direito de acesso, retifica\u00e7\u00e3o, atualiza\u00e7\u00e3o, limita\u00e7\u00e3o e apagamento dos seus dados pessoais (salvo quando aos dados s\u00e3o indispens\u00e1veis ao cumprimento de obriga\u00e7\u00f5es legais a que o respons\u00e1vel pelo tratamento esteja sujeito, o direito de oposi\u00e7\u00e3o \u00e0 utiliza\u00e7\u00e3o dos mesmos para fins comerciais e \u00e0 retirada do consentimento, sem que tal comprometa a licitude do tratamento j\u00e1 efetuado ao abrigo desse consentimento.<\/p>\n<p><strong>5 \u2013 Prazo Reten\u00e7\u00e3o de Dados<\/strong><\/p>\n<p>Os dados pessoais recolhidos, ser\u00e3o mantidos apenas pelo tempo estritamente necess\u00e1rio \u00e0 prossecu\u00e7\u00e3o das finalidades descritas nesta pol\u00edtica.<\/p>\n<p><strong>6 \u2013 Medidas de Prote\u00e7\u00e3o<\/strong><\/p>\n<p>Ser\u00e3o adotadas medidas t\u00e9cnicas e organizacionais necess\u00e1rias para proteger os dados dos nossos clientes, garantindo a sua seguran\u00e7a inclusivamente contra o seu tratamento n\u00e3o autorizado ou il\u00edcito, assim como contra a sua perda, destrui\u00e7\u00e3o ou danifica\u00e7\u00e3o.<\/p>\n<p>6.1 &#8211; Comprometemo-nos a cumprir o disposto nesta pol\u00edtica de privacidade.<\/p>\n<p><strong>7- Circunst\u00e2ncias da recolha dos dados:<\/strong><\/p>\n<p>No \u00e2mbito da rela\u00e7\u00e3o comercial, s\u00e3o recolhidos dados pessoais em diversos momentos, designadamente:<\/p>\n<p>Quando o cliente contata para obter simula\u00e7\u00e3o de um seguro ou para simula\u00e7\u00e3o para obten\u00e7\u00e3o de um cr\u00e9dito, para implementa\u00e7\u00e3o de diligencias pr\u00e9 contratuais e gest\u00e3o de presta\u00e7\u00e3o de servi\u00e7os.<\/p>\n<p>Os dados pessoais podem ser recolhidos presencialmente, por telefone, email ou atrav\u00e9s do website.<\/p>\n<p>Caso opte por participar nas nossas atividades nas redes sociais, podemos recolher algumas informa\u00e7\u00f5es da sua conta, conforme as configura\u00e7\u00f5es do seu servi\u00e7o, tais como: localiza\u00e7\u00e3o, atividades, interesses, fotos, atualiza\u00e7\u00f5es de perfis e lista de amigos.<\/p>\n<p>Ao utilizar o nosso website poderemos recolher outras informa\u00e7\u00f5es, atrav\u00e9s de ferramentas de rastreio, tais como cookies (por favor ver a nossa Pol\u00edtica de cookies), endere\u00e7os de IP, o username, o idioma, a regi\u00e3o de onde acede ao site, prefer\u00eancias de navega\u00e7\u00e3o, prefer\u00eancias de servi\u00e7os, logins, n\u00famero de visitas ao website.<\/p>\n<p><strong>8 &#8211; COMUNICA\u00c7\u00c3O DE DADOS A TERCEIROS<\/strong><\/p>\n<p>A Vali, Lda, no \u00e2mbito da sua atividade, poder\u00e1 recorrer a terceiros para a presta\u00e7\u00e3o de determinados servi\u00e7os. Por vezes, a presta\u00e7\u00e3o destes servi\u00e7os implica o tratamento, por estas entidades, de dados pessoais dos clientes em nome da Vali, Lda. Sempre que tal ocorra, aos mesmos \u00e9 imposto por via contratual, garantia de reputa\u00e7\u00e3o e obriga\u00e7\u00e3o de desenvolver as medidas t\u00e9cnicas e organizativas adequadas \u00e0 prote\u00e7\u00e3o dos dados e assegurar a defesa dos direitos dos titulares. Em certas circunst\u00e2ncias determinadas por Lei, determinados dados pessoais poder\u00e3o ter de ser comunicados a autoridades p\u00fablicas, como por exemplo autoridade tribut\u00e1ria, tribunais e for\u00e7as de seguran\u00e7a.<\/p>\n<p><strong>9 \u2013 Viola\u00e7\u00e3o dos Dados Pessoais<\/strong><\/p>\n<p>Em caso de viola\u00e7\u00e3o de dados e na medida em que tal viola\u00e7\u00e3o seja suscet\u00edvel de implicar um elevado risco para os direitos e liberdades do Utilizador, a Vali, Lda., compromete-se a comunicar a viola\u00e7\u00e3o de dados pessoais ao titular em causa no prazo de 72 horas a contar do conhecimento do incidente<\/p>\n<p><strong>10 \u2013 O Respons\u00e1vel pelo tratamento de dados<\/strong><\/p>\n<p>As empresas Vali Lda, e Cardoso &amp; Piedade Lda, portadoras dos NIPC 518272427 e 518 786 293 respectivamente, ambas com sede em Rua Manuel Francisco Aleixo, apt 330G, 8135-174, Almancil<\/p>\n<p>Para tratar de assuntos\/quest\u00f5es relacionadas com o tratamento dos seus dados pessoais, dever\u00e1 entrar em contacto connosco, atrav\u00e9s dos seguintes meios:<\/p>\n<p>Telefone: (351) 914464444<\/p>\n<p>Email: <a href=\"mailto:info@trust-investments.pt\">info@offmarketproperties.pt<\/a><\/p>\n<p>Esta pol\u00edtica de privacidade pode ser revista periodicamente.<\/p>\n\t\t\t\t\t\t\t\t<\/div>\n\t\t\t\t\t<\/div>\n\t\t\t\t<\/div>\n\t\t\t\t<\/div>\n\t\t","protected":false},"excerpt":{"rendered":"<p>POL\u00cdTICA DE PRIVACIDADE A presente Pol\u00edtica de Privacidade descreve como a Empresa Vali, Lda e Cardoso &amp; Piedade Lda., tratam os dados pessoais dos clientes em cumprimento do disposto na legisla\u00e7\u00e3o de prote\u00e7\u00e3o de dados pessoais em vigor, segundo o Regulamento (UE) 2016\/679 do Parlamento Europeu e do Conselho, de 27 de abril de 2016 (\u201cRGPD\u201d) 1 \u2013 Recolha de [&hellip;]<\/p>\n","protected":false},"author":1,"featured_media":0,"parent":0,"menu_order":0,"comment_status":"closed","ping_status":"closed","template":"","meta":{"_acf_changed":false,"footnotes":""},"class_list":["post-1393","page","type-page","status-publish","hentry"],"acf":[],"_links":{"self":[{"href":"https:\/\/offmarketproperties.pt\/en\/wp-json\/wp\/v2\/pages\/1393","targetHints":{"allow":["GET"]}}],"collection":[{"href":"https:\/\/offmarketproperties.pt\/en\/wp-json\/wp\/v2\/pages"}],"about":[{"href":"https:\/\/offmarketproperties.pt\/en\/wp-json\/wp\/v2\/types\/page"}],"author":[{"embeddable":true,"href":"https:\/\/offmarketproperties.pt\/en\/wp-json\/wp\/v2\/users\/1"}],"replies":[{"embeddable":true,"href":"https:\/\/offmarketproperties.pt\/en\/wp-json\/wp\/v2\/comments?post=1393"}],"version-history":[{"count":0,"href":"https:\/\/offmarketproperties.pt\/en\/wp-json\/wp\/v2\/pages\/1393\/revisions"}],"wp:attachment":[{"href":"https:\/\/offmarketproperties.pt\/en\/wp-json\/wp\/v2\/media?parent=1393"}],"curies":[{"name":"wp","href":"https:\/\/api.w.org\/{rel}","templated":true}]}}